{"id":29,"date":"2022-12-01T21:44:57","date_gmt":"2022-12-01T20:44:57","guid":{"rendered":"http:\/\/sa-dev.cz\/arkadiazlin.cz\/?page_id=29"},"modified":"2023-10-16T08:48:13","modified_gmt":"2023-10-16T06:48:13","slug":"jak-postupovat","status":"publish","type":"page","link":"https:\/\/arkadiazlin.cz\/index.php\/jak-postupovat\/","title":{"rendered":"Jak postupovat"},"content":{"rendered":"\n<h4 class=\"wp-block-heading\">Doma<\/h4>\n\n\n\n<ul class=\"wp-block-list\">\n<li>Zavolejte nejprve obvodn\u00edho l\u00e9ka\u0159e (v jeho pracovn\u00ed dob\u011b), nebo z\u00e1chranou zdravotn\u00ed slu\u017ebu&nbsp;<strong>155&nbsp;<\/strong>(mimo pracovn\u00ed dobu obvodn\u00edho l\u00e9ka\u0159e), kte\u0159\u00ed po ohled\u00e1n\u00ed t\u011bla zem\u0159el\u00e9ho vystav\u00ed ohledac\u00ed list (List o prohl\u00eddce zesnul\u00e9ho)<\/li>\n\n\n\n<li>Zavolejte poh\u0159ebn\u00ed slu\u017ebu<\/li>\n\n\n\n<li>Zajist\u011bte od\u011bv pro zesnul\u00e9ho a vy\u010dkejte p\u0159\u00edjezdu poh\u0159ebn\u00ed slu\u017eby<\/li>\n<\/ul>\n\n\n\n<h4 class=\"wp-block-heading\">Ve zdravotnick\u00e9m za\u0159\u00edzen\u00ed, v domovech s pe\u010dovatelskou slu\u017ebou a jim podobn\u00e9 za\u0159\u00edzen\u00ed<\/h4>\n\n\n\n<ul class=\"wp-block-list\">\n<li>Rodina je vyrozum\u011bna person\u00e1lem za\u0159\u00edzen\u00ed, kde nastalo \u00famrt\u00ed<\/li>\n\n\n\n<li>Kontaktujte poh\u0159ebn\u00ed slu\u017ebu a domluvte si term\u00edn sjedn\u00e1n\u00ed poh\u0159bu<\/li>\n\n\n\n<li>V tomto p\u0159\u00edpad\u011b b\u00fdv\u00e1 od\u011bv zesul\u00e9ho ji\u017e p\u0159ichyst\u00e1n person\u00e1lem za\u0159\u00edzen\u00ed, pokud se poz\u016fstal\u00ed rozhodnou jinak, mohou od\u011bv sami vybrat a dopravit na poh\u0159ebn\u00ed slu\u017ebu<\/li>\n<\/ul>\n\n\n\n<h4 class=\"wp-block-heading\">K vy\u0159\u00edzen\u00ed poh\u0159bu je t\u0159eba<\/h4>\n\n\n\n<ul class=\"wp-block-list\">\n<li>Ob\u010dansk\u00fd pr\u016fkaz zesnul\u00e9ho a karti\u010dka poji\u0161t\u011bnce<\/li>\n\n\n\n<li>Rodn\u00fd p\u0159\u00edpadn\u011b oddac\u00ed list zesnul\u00e9ho<\/li>\n\n\n\n<li>Fotku zesnul\u00e9ho pokud si p\u0159ejete ji um\u00edstit na parte (klasickou \u010di digit\u00e1ln\u00ed)<\/li>\n\n\n\n<li>Od\u011bv v nem\u017e bude zesnul\u00fd poh\u0159ben (nen\u00ed nezbytn\u00e9 aby byl \u010dern\u00fd, m\u016f\u017eete zvolit obl\u00edben\u00fd od\u011bv zesnul\u00e9ho)<\/li>\n<\/ul>\n\n\n\n<div style=\"height:0px\" aria-hidden=\"true\" class=\"wp-block-spacer\"><\/div>\n","protected":false},"excerpt":{"rendered":"<p>Doma Ve zdravotnick\u00e9m za\u0159\u00edzen\u00ed, v domovech s pe\u010dovatelskou slu\u017ebou a jim podobn\u00e9 za\u0159\u00edzen\u00ed K vy\u0159\u00edzen\u00ed poh\u0159bu je t\u0159eba<\/p>\n","protected":false},"author":3,"featured_media":0,"parent":0,"menu_order":0,"comment_status":"closed","ping_status":"closed","template":"","meta":{"ngg_post_thumbnail":0,"footnotes":""},"class_list":["post-29","page","type-page","status-publish","hentry"],"_links":{"self":[{"href":"https:\/\/arkadiazlin.cz\/index.php\/wp-json\/wp\/v2\/pages\/29","targetHints":{"allow":["GET"]}}],"collection":[{"href":"https:\/\/arkadiazlin.cz\/index.php\/wp-json\/wp\/v2\/pages"}],"about":[{"href":"https:\/\/arkadiazlin.cz\/index.php\/wp-json\/wp\/v2\/types\/page"}],"author":[{"embeddable":true,"href":"https:\/\/arkadiazlin.cz\/index.php\/wp-json\/wp\/v2\/users\/3"}],"replies":[{"embeddable":true,"href":"https:\/\/arkadiazlin.cz\/index.php\/wp-json\/wp\/v2\/comments?post=29"}],"version-history":[{"count":10,"href":"https:\/\/arkadiazlin.cz\/index.php\/wp-json\/wp\/v2\/pages\/29\/revisions"}],"predecessor-version":[{"id":177,"href":"https:\/\/arkadiazlin.cz\/index.php\/wp-json\/wp\/v2\/pages\/29\/revisions\/177"}],"wp:attachment":[{"href":"https:\/\/arkadiazlin.cz\/index.php\/wp-json\/wp\/v2\/media?parent=29"}],"curies":[{"name":"wp","href":"https:\/\/api.w.org\/{rel}","templated":true}]}}